{"id":4863,"date":"2018-07-29T07:51:05","date_gmt":"2018-07-29T05:51:05","guid":{"rendered":"http:\/\/templ.io\/?page_id=4863"},"modified":"2019-10-14T10:48:00","modified_gmt":"2019-10-14T08:48:00","slug":"support","status":"publish","type":"page","link":"https:\/\/ballerina.templ.io\/sv\/support\/","title":{"rendered":"Support"},"content":{"rendered":"<section class=\"section support-header text-center\">\n<div class=\"container\">\n<p class=\"lead mb-3 mb-md-5\">Vi \u00e4r h\u00e4r f\u00f6r att hj\u00e4lpa till. Kontakta oss n\u00e4r som helst via email, chatt, eller fyll i formul\u00e4ret nedan.<br \/>Det g\u00e5r ocks\u00e5 bra att ringa oss mellan 07:00 &#8211; 17:00.<\/p>\n<div class=\"row\">\n<div class=\"col-md-6 offset-md-3\">\n\t    <img src=\"http:\/\/localhost\/templ.io\/wp-content\/themes\/templio\/img\/butler.svg\" alt=\"Femstj\u00e4rnig service\">\n \t\t<\/div>\n<\/p><\/div>\n<div class=\"row justify-content-around d-flex align-items-center\">\n<div class=\"col-md-4 mt-4 mt-md-0\">\n<h4>Chatta med oss<\/h4>\n<p>        <a href=\"#\" id=\"intercom-launcher\">L\u00e5t oss prata!<\/a>\n      <\/div>\n<div class=\"col-md-4 mt-4 mt-md-0\">\n<h4>Maila oss<\/h4>\n<p>        <a href=\"mailto:support(at)templ(dot)io\">support(at)templ(dot)io<\/a>\n      <\/div>\n<div class=\"col-md-4 mt-4 mt-md-0\">\n<h4>Sl\u00e5 en signal<\/h4>\n<p>        <a href=\"tel:+46855925681\">08-559 25 681<\/a>\n      <\/div>\n<\/p><\/div>\n<\/p><\/div>\n<\/section>\n<section class=\"section contact-form\">\n<div class=\"container\">\n<div class=\"row d-flex flex-row-reverse\">\n<div class=\"col-md-7\">\n        [contact-form-7 404 \"Not Found\"]\n      <\/div>\n<div class=\"col-md-5 support-sidebar\">\n<div class=\"row\">\n<div class=\"col-12 feature\">\n            <img src=\"https:\/\/ballerina.templ.io\/wp-content\/themes\/templio\/img\/features\/migration.svg\" alt=\"Support p\u00e5 svenska\"><\/p>\n<h4>P\u00e5litlig support. P\u00e5 svenska.<\/h4>\n<p>Beh\u00f6ver du hj\u00e4lp? V\u00e5r professionella och v\u00e4nliga support \u00e4r alltid redo att hj\u00e4lpa till.<\/p>\n<\/p><\/div>\n<\/p><\/div>\n<div class=\"row\">\n<div class=\"col-12 feature\">\n            <img src=\"https:\/\/ballerina.templ.io\/wp-content\/themes\/templio\/img\/features\/wordpress.svg\" alt=\"Experter p\u00e5 WordPress\"><\/p>\n<h4>Experter p\u00e5 WordPress &#038; WooCommerce.<\/h4>\n<p>Templ.io \u00e4r byggd p\u00e5 WordPress. Vi har m\u00e5nga \u00e5rs erfarenhet av b\u00e5de WordPress och WooCommerce, vilket g\u00f6r att vi enkelt kan hj\u00e4lpa till att l\u00f6sa eventuella problem som kan uppst\u00e5.<\/p>\n<\/p><\/div>\n<\/p><\/div>\n<\/p><\/div>\n<\/p><\/div>\n<\/p><\/div>\n<\/section>\n<section class=\"section cta-big-blue cta-blue-bottom\" >\n<div class=\"container\">\n<div class=\"row d-flex align-items-center text-center\">\n<div class=\"col-md-8\">\n<p class=\"lead text-md-left\">Prova Templ.io idag, gratis! Din hemsida kommer att flyga fram i molnet p\u00e5 nolltid.<\/p>\n<\/p><\/div>\n<div class=\"col-md-4\">\n        <a href=\"https:\/\/ballerina.templ.io\/sv\/register\/\" class=\"btn btn-outline-light float-md-right\" role=\"button\">Prova Gratis<\/a>\n      <\/div>\n<\/p><\/div>\n<\/p><\/div>\n<\/section>\n","protected":false},"excerpt":{"rendered":"<p>Vi \u00e4r h\u00e4r f\u00f6r att hj\u00e4lpa till. Kontakta oss n\u00e4r som helst via email, chatt, eller fyll i formul\u00e4ret nedan.Det g\u00e5r ocks\u00e5 bra att ringa oss mellan 07:00 &#8211; 17:00. Chatta med oss L\u00e5t oss prata! Maila oss support(at)templ(dot)io Sl\u00e5 en signal 08-559 25 681 P\u00e5litlig support. P\u00e5 svenska. Beh\u00f6ver du hj\u00e4lp? V\u00e5r professionella och [&hellip;]<\/p>\n","protected":false},"author":7,"featured_media":0,"parent":0,"menu_order":0,"comment_status":"closed","ping_status":"closed","template":"page-templates\/empty.php","meta":[],"yoast_head":"<!-- This site is optimized with the Yoast SEO plugin v16.5 - https:\/\/yoast.com\/wordpress\/plugins\/seo\/ -->\n<title>Support | Templ<\/title>\n<meta name=\"description\" content=\"Beh\u00f6ver du support? Tveka inte att kontakta v\u00e5rt profesionella support-team via email, chatt eller telefon. Vi \u00e4r alltid redo att hj\u00e4lpa till!\" \/>\n<meta name=\"robots\" content=\"noindex, follow, max-snippet:-1, max-image-preview:large, max-video-preview:-1\" \/>\n<meta property=\"og:locale\" content=\"sv_SE\" \/>\n<meta property=\"og:type\" content=\"article\" \/>\n<meta property=\"og:title\" content=\"Support | Templ\" \/>\n<meta property=\"og:description\" content=\"Beh\u00f6ver du support? Tveka inte att kontakta v\u00e5rt profesionella support-team via email, chatt eller telefon. Vi \u00e4r alltid redo att hj\u00e4lpa till!\" \/>\n<meta property=\"og:url\" content=\"https:\/\/ballerina.templ.io\/sv\/support\/\" \/>\n<meta property=\"og:site_name\" content=\"Templ\" \/>\n<meta property=\"article:publisher\" content=\"https:\/\/www.facebook.com\/templhosting\/\" \/>\n<meta property=\"article:modified_time\" content=\"2019-10-14T08:48:00+00:00\" \/>\n<meta property=\"og:image\" content=\"http:\/\/localhost\/templ.io\/wp-content\/themes\/templio\/img\/butler.svg\" \/>\n<meta name=\"twitter:card\" content=\"summary_large_image\" \/>\n<meta name=\"twitter:site\" content=\"@templ_io\" \/>\n<meta name=\"twitter:label1\" content=\"Ber\u00e4knad l\u00e4stid\" \/>\n\t<meta name=\"twitter:data1\" content=\"1 minut\" \/>\n<script type=\"application\/ld+json\" class=\"yoast-schema-graph\">{\"@context\":\"https:\/\/schema.org\",\"@graph\":[{\"@type\":\"Organization\",\"@id\":\"https:\/\/ballerina.templ.io\/#organization\",\"name\":\"Templ.io AB\",\"url\":\"https:\/\/ballerina.templ.io\/\",\"sameAs\":[\"https:\/\/www.facebook.com\/templhosting\/\",\"https:\/\/www.instagram.com\/templ.io\/\",\"https:\/\/www.linkedin.com\/company\/wootemple\/\",\"https:\/\/www.youtube.com\/channel\/UC0bdV8I5teQzS2GhqCECx_Q\",\"https:\/\/twitter.com\/templ_io\"],\"logo\":{\"@type\":\"ImageObject\",\"@id\":\"https:\/\/ballerina.templ.io\/#logo\",\"inLanguage\":\"sv-SE\",\"url\":\"https:\/\/ballerina.templ.io\/app\/uploads\/2018\/07\/templio-logo-large.png\",\"contentUrl\":\"https:\/\/ballerina.templ.io\/app\/uploads\/2018\/07\/templio-logo-large.png\",\"width\":1310,\"height\":308,\"caption\":\"Templ.io AB\"},\"image\":{\"@id\":\"https:\/\/ballerina.templ.io\/#logo\"}},{\"@type\":\"WebSite\",\"@id\":\"https:\/\/ballerina.templ.io\/#website\",\"url\":\"https:\/\/ballerina.templ.io\/\",\"name\":\"Templ\",\"description\":\"Managed Google Cloud WordPress hosting made simple\",\"publisher\":{\"@id\":\"https:\/\/ballerina.templ.io\/#organization\"},\"potentialAction\":[{\"@type\":\"SearchAction\",\"target\":\"https:\/\/ballerina.templ.io\/?s={search_term_string}\",\"query-input\":\"required name=search_term_string\"}],\"inLanguage\":\"sv-SE\"},{\"@type\":\"ImageObject\",\"@id\":\"https:\/\/ballerina.templ.io\/sv\/support\/#primaryimage\",\"inLanguage\":\"sv-SE\",\"url\":\"http:\/\/localhost\/templ.io\/wp-content\/themes\/templio\/img\/butler.svg\",\"contentUrl\":\"http:\/\/localhost\/templ.io\/wp-content\/themes\/templio\/img\/butler.svg\"},{\"@type\":\"WebPage\",\"@id\":\"https:\/\/ballerina.templ.io\/sv\/support\/#webpage\",\"url\":\"https:\/\/ballerina.templ.io\/sv\/support\/\",\"name\":\"Support | Templ\",\"isPartOf\":{\"@id\":\"https:\/\/ballerina.templ.io\/#website\"},\"primaryImageOfPage\":{\"@id\":\"https:\/\/ballerina.templ.io\/sv\/support\/#primaryimage\"},\"datePublished\":\"2018-07-29T05:51:05+00:00\",\"dateModified\":\"2019-10-14T08:48:00+00:00\",\"description\":\"Beh\\u00f6ver du support? Tveka inte att kontakta v\\u00e5rt profesionella support-team via email, chatt eller telefon. Vi \\u00e4r alltid redo att hj\\u00e4lpa till!\",\"breadcrumb\":{\"@id\":\"https:\/\/ballerina.templ.io\/sv\/support\/#breadcrumb\"},\"inLanguage\":\"sv-SE\",\"potentialAction\":[{\"@type\":\"ReadAction\",\"target\":[\"https:\/\/ballerina.templ.io\/sv\/support\/\"]}]},{\"@type\":\"BreadcrumbList\",\"@id\":\"https:\/\/ballerina.templ.io\/sv\/support\/#breadcrumb\",\"itemListElement\":[{\"@type\":\"ListItem\",\"position\":1,\"name\":\"Home\",\"item\":\"https:\/\/ballerina.templ.io\/sv\/home-page\/\"},{\"@type\":\"ListItem\",\"position\":2,\"name\":\"Support\"}]}]}<\/script>\n<!-- \/ Yoast SEO plugin. -->","_links":{"self":[{"href":"https:\/\/ballerina.templ.io\/sv\/wp-json\/wp\/v2\/pages\/4863"}],"collection":[{"href":"https:\/\/ballerina.templ.io\/sv\/wp-json\/wp\/v2\/pages"}],"about":[{"href":"https:\/\/ballerina.templ.io\/sv\/wp-json\/wp\/v2\/types\/page"}],"author":[{"embeddable":true,"href":"https:\/\/ballerina.templ.io\/sv\/wp-json\/wp\/v2\/users\/7"}],"replies":[{"embeddable":true,"href":"https:\/\/ballerina.templ.io\/sv\/wp-json\/wp\/v2\/comments?post=4863"}],"version-history":[{"count":0,"href":"https:\/\/ballerina.templ.io\/sv\/wp-json\/wp\/v2\/pages\/4863\/revisions"}],"wp:attachment":[{"href":"https:\/\/ballerina.templ.io\/sv\/wp-json\/wp\/v2\/media?parent=4863"}],"curies":[{"name":"wp","href":"https:\/\/api.w.org\/{rel}","templated":true}]}}