{"id":4864,"date":"2018-07-29T07:51:08","date_gmt":"2018-07-29T05:51:08","guid":{"rendered":"http:\/\/templ.io\/?page_id=4864"},"modified":"2018-10-27T05:53:41","modified_gmt":"2018-10-27T03:53:41","slug":"login","status":"publish","type":"page","link":"https:\/\/ballerina.templ.io\/sv\/login\/","title":{"rendered":"Logga in"},"content":{"rendered":"<div class=\"tml tml-login\">\n<div class=\"tml-alerts\"><\/div><form name=\"login\" action=\"https:\/\/ballerina.templ.io\/sv\/login\/\" method=\"post\">\n<div class=\"form-group\">\n<label class=\"tml-label\" for=\"user_login\">E-postadress<\/label>\n<input name=\"log\" type=\"text\" value=\"\" id=\"user_login\" autocapitalize=\"off\" class=\"form-control\" class=\"tml-field\">\n<\/div>\n\n<div class=\"form-group\">\n<label class=\"tml-label\" for=\"user_pass\">L\u00f6senord<\/label>\n<input name=\"pwd\" type=\"password\" value=\"\" id=\"user_pass\" class=\"form-control\" class=\"tml-field\">\n<\/div>\n\n\n<div class=\"form-group\">\n<button name=\"submit\" type=\"submit\" class=\"form-control\" class=\"tml-button\">Logga in<\/button>\n<\/div>\n\n<input name=\"redirect_to\" type=\"hidden\" value=\"https:\/\/ballerina.templ.io\/wp\/wp-admin\/\">\n\n<\/form>\n<ul class=\"tml-links\"><li class=\"tml-lostpassword-link\"><a href=\"https:\/\/ballerina.templ.io\/sv\/lostpassword\/\">Gl\u00f6mt l\u00f6senordet?<\/a><\/li><\/ul><\/div>\n\n","protected":false},"excerpt":{"rendered":"","protected":false},"author":1,"featured_media":0,"parent":0,"menu_order":0,"comment_status":"closed","ping_status":"closed","template":"","meta":[],"yoast_head":"<!-- This site is optimized with the Yoast SEO plugin v16.5 - https:\/\/yoast.com\/wordpress\/plugins\/seo\/ -->\n<title>Logga in | Templ<\/title>\n<meta name=\"description\" content=\"Logga in p\u00e5 Templ.io och hantera dina hemsidor. V\u00e5r anv\u00e4ndarv\u00e4nliga kontrollpanel g\u00f6r det snabbt och enkelt att lansera och hantera din hemsida.\" \/>\n<meta name=\"robots\" content=\"noindex, follow, max-snippet:-1, max-image-preview:large, max-video-preview:-1\" \/>\n<meta property=\"og:locale\" content=\"sv_SE\" \/>\n<meta property=\"og:type\" content=\"article\" \/>\n<meta property=\"og:title\" content=\"Logga in | Templ\" \/>\n<meta property=\"og:description\" content=\"Logga in p\u00e5 Templ.io och hantera dina hemsidor. V\u00e5r anv\u00e4ndarv\u00e4nliga kontrollpanel g\u00f6r det snabbt och enkelt att lansera och hantera din hemsida.\" \/>\n<meta property=\"og:url\" content=\"https:\/\/ballerina.templ.io\/sv\/login\/\" \/>\n<meta property=\"og:site_name\" content=\"Templ\" \/>\n<meta property=\"article:publisher\" content=\"https:\/\/www.facebook.com\/templhosting\/\" \/>\n<meta property=\"article:modified_time\" content=\"2018-10-27T03:53:41+00:00\" \/>\n<meta property=\"og:image\" content=\"https:\/\/ballerina.templ.io\/app\/uploads\/2017\/12\/og-wootemple-2.jpg\" \/>\n\t<meta property=\"og:image:width\" content=\"1920\" \/>\n\t<meta property=\"og:image:height\" content=\"1080\" \/>\n<meta name=\"twitter:card\" content=\"summary_large_image\" \/>\n<meta name=\"twitter:site\" content=\"@templ_io\" \/>\n<meta name=\"twitter:label1\" content=\"Ber\u00e4knad l\u00e4stid\" \/>\n\t<meta name=\"twitter:data1\" content=\"1 minut\" \/>\n<script type=\"application\/ld+json\" class=\"yoast-schema-graph\">{\"@context\":\"https:\/\/schema.org\",\"@graph\":[{\"@type\":\"Organization\",\"@id\":\"https:\/\/ballerina.templ.io\/#organization\",\"name\":\"Templ.io AB\",\"url\":\"https:\/\/ballerina.templ.io\/\",\"sameAs\":[\"https:\/\/www.facebook.com\/templhosting\/\",\"https:\/\/www.instagram.com\/templ.io\/\",\"https:\/\/www.linkedin.com\/company\/wootemple\/\",\"https:\/\/www.youtube.com\/channel\/UC0bdV8I5teQzS2GhqCECx_Q\",\"https:\/\/twitter.com\/templ_io\"],\"logo\":{\"@type\":\"ImageObject\",\"@id\":\"https:\/\/ballerina.templ.io\/#logo\",\"inLanguage\":\"sv-SE\",\"url\":\"https:\/\/ballerina.templ.io\/app\/uploads\/2018\/07\/templio-logo-large.png\",\"contentUrl\":\"https:\/\/ballerina.templ.io\/app\/uploads\/2018\/07\/templio-logo-large.png\",\"width\":1310,\"height\":308,\"caption\":\"Templ.io AB\"},\"image\":{\"@id\":\"https:\/\/ballerina.templ.io\/#logo\"}},{\"@type\":\"WebSite\",\"@id\":\"https:\/\/ballerina.templ.io\/#website\",\"url\":\"https:\/\/ballerina.templ.io\/\",\"name\":\"Templ\",\"description\":\"Managed Google Cloud WordPress hosting made simple\",\"publisher\":{\"@id\":\"https:\/\/ballerina.templ.io\/#organization\"},\"potentialAction\":[{\"@type\":\"SearchAction\",\"target\":\"https:\/\/ballerina.templ.io\/?s={search_term_string}\",\"query-input\":\"required name=search_term_string\"}],\"inLanguage\":\"sv-SE\"},{\"@type\":\"WebPage\",\"@id\":\"https:\/\/ballerina.templ.io\/sv\/login\/#webpage\",\"url\":\"https:\/\/ballerina.templ.io\/sv\/login\/\",\"name\":\"Logga in | Templ\",\"isPartOf\":{\"@id\":\"https:\/\/ballerina.templ.io\/#website\"},\"datePublished\":\"2018-07-29T05:51:08+00:00\",\"dateModified\":\"2018-10-27T03:53:41+00:00\",\"description\":\"Logga in p\\u00e5 Templ.io och hantera dina hemsidor. V\\u00e5r anv\\u00e4ndarv\\u00e4nliga kontrollpanel g\\u00f6r det snabbt och enkelt att lansera och hantera din hemsida.\",\"breadcrumb\":{\"@id\":\"https:\/\/ballerina.templ.io\/sv\/login\/#breadcrumb\"},\"inLanguage\":\"sv-SE\",\"potentialAction\":[{\"@type\":\"ReadAction\",\"target\":[\"https:\/\/ballerina.templ.io\/sv\/login\/\"]}]},{\"@type\":\"BreadcrumbList\",\"@id\":\"https:\/\/ballerina.templ.io\/sv\/login\/#breadcrumb\",\"itemListElement\":[{\"@type\":\"ListItem\",\"position\":1,\"name\":\"Home\",\"item\":\"https:\/\/ballerina.templ.io\/sv\/home-page\/\"},{\"@type\":\"ListItem\",\"position\":2,\"name\":\"Logga in\"}]}]}<\/script>\n<!-- \/ Yoast SEO plugin. -->","_links":{"self":[{"href":"https:\/\/ballerina.templ.io\/sv\/wp-json\/wp\/v2\/pages\/4864"}],"collection":[{"href":"https:\/\/ballerina.templ.io\/sv\/wp-json\/wp\/v2\/pages"}],"about":[{"href":"https:\/\/ballerina.templ.io\/sv\/wp-json\/wp\/v2\/types\/page"}],"author":[{"embeddable":true,"href":"https:\/\/ballerina.templ.io\/sv\/wp-json\/wp\/v2\/users\/1"}],"replies":[{"embeddable":true,"href":"https:\/\/ballerina.templ.io\/sv\/wp-json\/wp\/v2\/comments?post=4864"}],"version-history":[{"count":0,"href":"https:\/\/ballerina.templ.io\/sv\/wp-json\/wp\/v2\/pages\/4864\/revisions"}],"wp:attachment":[{"href":"https:\/\/ballerina.templ.io\/sv\/wp-json\/wp\/v2\/media?parent=4864"}],"curies":[{"name":"wp","href":"https:\/\/api.w.org\/{rel}","templated":true}]}}