{"id":4899,"date":"2018-07-30T14:37:33","date_gmt":"2018-07-30T12:37:33","guid":{"rendered":"http:\/\/templ.io\/?page_id=4899"},"modified":"2018-10-27T14:59:30","modified_gmt":"2018-10-27T12:59:30","slug":"villkor","status":"publish","type":"page","link":"https:\/\/ballerina.templ.io\/sv\/villkor\/","title":{"rendered":"Villkor"},"content":{"rendered":"<section class=\"section legal-header text-center\"><span data-mce-type=\"bookmark\" style=\"display: inline-block; width: 0px; overflow: hidden; line-height: 0;\" class=\"mce_SELRES_start\">\ufeff<\/span><\/p>\n<div class=\"container\">\n<div class=\"row\">\n<div class=\"col-12\">\n<h1>V\u00c5RA VILLKOR<\/h1>\n<p>Tack f\u00f6r att du tog dig tid att l\u00e4ra dig om Templ.io och v\u00e5ra anv\u00e4ndarvillkor. H\u00e4r hittar du information om hur vi skyddar din integritet, vad du kan och inte kan g\u00f6ra med Templ.io och hur vi hanterar anv\u00e4ndarkonton.<\/p>\n<\/p><\/div>\n<\/p><\/div>\n<\/p><\/div>\n<\/section>\n<section class=\"section legal-content text-center\">\n<div class=\"container\">\n<div class=\"row\">\n<div class=\"col-6 col-md-3 mb-5 mb-md-0\">\n<h3><a href=\"https:\/\/ballerina.templ.io\/legal\/terms-of-service\/\">Anv\u00e4ndarvillkor.<\/a><\/h3>\n<p>Huvudavtalet du ing\u00e5r i f\u00f6r att kunna anv\u00e4nda Templ.io.<\/p>\n<p>        <a href=\"https:\/\/ballerina.templ.io\/legal\/terms-of-service\/\">L\u00c4S MER (ENGELSKA)<\/a>\n      <\/div>\n<div class=\"col-6 col-md-3 mb-5 mb-md-0\">\n<h3><a href=\"https:\/\/ballerina.templ.io\/legal\/privacy-policy\/\">Sekretesspolicy.<\/a><\/h3>\n<p>Vad vi g\u00f6r (och inte g\u00f6r) med dina personuppgifter.<\/p>\n<p>        <a href=\"https:\/\/ballerina.templ.io\/legal\/privacy-policy\/\">L\u00c4S MER (ENGELSKA)<\/a>\n      <\/div>\n<div class=\"col-6 col-md-3\">\n<h3><a href=\"https:\/\/ballerina.templ.io\/legal\/acceptable-use-policy\/\">Godtagbar anv\u00e4ndning.<\/a><\/h3>\n<p>Regler om vilken typ av inneh\u00e5ll du kan vara l\u00e4gga upp p\u00e5 Templ.io.<\/p>\n<p>        <a href=\"https:\/\/ballerina.templ.io\/legal\/acceptable-use-policy\/\">L\u00c4S MER (ENGELSKA)<\/a>\n      <\/div>\n<div class=\"col-6 col-md-3\">\n<h3><a href=\"https:\/\/ballerina.templ.io\/legal\/service-level-agreement\/\">Serviceniv\u00e5avtal.<\/a><\/h3>\n<p>Avtal om serviceniv\u00e5n du kan f\u00f6rv\u00e4nta dig fr\u00e5n Templ.io.<\/p>\n<p>        <a href=\"https:\/\/ballerina.templ.io\/legal\/service-level-agreement\/\">L\u00c4S MER (ENGELSKA)<\/a>\n      <\/div>\n<\/p><\/div>\n<\/p><\/div>\n<\/section>\n<section class=\"section legal-cta\">\n<div class=\"container\">\n<div class=\"row d-flex align-items-center text-center\">\n<div class=\"col-md-8\">\n<p class=\"lead\">Har du fortfarande fr\u00e5gor? Tveka inte p\u00e5 att h\u00f6ra av dig!<\/p>\n<\/p><\/div>\n<div class=\"col-md-4\">\n        <a href=\"https:\/\/ballerina.templ.io\/sv\/support\/\" class=\"btn btn-primary\" role=\"button\">Kontakta Oss<\/a>\n      <\/div>\n<\/p><\/div>\n<\/p><\/div>\n<\/section>\n","protected":false},"excerpt":{"rendered":"<p>\ufeff V\u00c5RA VILLKOR Tack f\u00f6r att du tog dig tid att l\u00e4ra dig om Templ.io och v\u00e5ra anv\u00e4ndarvillkor. H\u00e4r hittar du information om hur vi skyddar din integritet, vad du kan och inte kan g\u00f6ra med Templ.io och hur vi hanterar anv\u00e4ndarkonton. Anv\u00e4ndarvillkor. Huvudavtalet du ing\u00e5r i f\u00f6r att kunna anv\u00e4nda Templ.io. L\u00c4S MER (ENGELSKA) [&hellip;]<\/p>\n","protected":false},"author":1,"featured_media":0,"parent":0,"menu_order":0,"comment_status":"closed","ping_status":"closed","template":"page-templates\/empty.php","meta":[],"yoast_head":"<!-- This site is optimized with the Yoast SEO plugin v16.5 - https:\/\/yoast.com\/wordpress\/plugins\/seo\/ -->\n<title>Villkor | Templ<\/title>\n<meta name=\"robots\" content=\"noindex, follow, max-snippet:-1, max-image-preview:large, max-video-preview:-1\" \/>\n<meta property=\"og:locale\" content=\"sv_SE\" \/>\n<meta property=\"og:type\" content=\"article\" \/>\n<meta property=\"og:title\" content=\"Villkor | Templ\" \/>\n<meta property=\"og:description\" content=\"\ufeff V\u00c5RA VILLKOR Tack f\u00f6r att du tog dig tid att l\u00e4ra dig om Templ.io och v\u00e5ra anv\u00e4ndarvillkor. H\u00e4r hittar du information om hur vi skyddar din integritet, vad du kan och inte kan g\u00f6ra med Templ.io och hur vi hanterar anv\u00e4ndarkonton. Anv\u00e4ndarvillkor. Huvudavtalet du ing\u00e5r i f\u00f6r att kunna anv\u00e4nda Templ.io. L\u00c4S MER (ENGELSKA) [&hellip;]\" \/>\n<meta property=\"og:url\" content=\"https:\/\/ballerina.templ.io\/sv\/villkor\/\" \/>\n<meta property=\"og:site_name\" content=\"Templ\" \/>\n<meta property=\"article:publisher\" content=\"https:\/\/www.facebook.com\/templhosting\/\" \/>\n<meta property=\"article:modified_time\" content=\"2018-10-27T12:59:30+00:00\" \/>\n<meta property=\"og:image\" content=\"https:\/\/ballerina.templ.io\/app\/uploads\/2017\/12\/og-wootemple-2.jpg\" \/>\n\t<meta property=\"og:image:width\" content=\"1920\" \/>\n\t<meta property=\"og:image:height\" content=\"1080\" \/>\n<meta name=\"twitter:card\" content=\"summary_large_image\" \/>\n<meta name=\"twitter:site\" content=\"@templ_io\" \/>\n<meta name=\"twitter:label1\" content=\"Ber\u00e4knad l\u00e4stid\" \/>\n\t<meta name=\"twitter:data1\" content=\"1 minut\" \/>\n<script type=\"application\/ld+json\" class=\"yoast-schema-graph\">{\"@context\":\"https:\/\/schema.org\",\"@graph\":[{\"@type\":\"Organization\",\"@id\":\"https:\/\/ballerina.templ.io\/#organization\",\"name\":\"Templ.io AB\",\"url\":\"https:\/\/ballerina.templ.io\/\",\"sameAs\":[\"https:\/\/www.facebook.com\/templhosting\/\",\"https:\/\/www.instagram.com\/templ.io\/\",\"https:\/\/www.linkedin.com\/company\/wootemple\/\",\"https:\/\/www.youtube.com\/channel\/UC0bdV8I5teQzS2GhqCECx_Q\",\"https:\/\/twitter.com\/templ_io\"],\"logo\":{\"@type\":\"ImageObject\",\"@id\":\"https:\/\/ballerina.templ.io\/#logo\",\"inLanguage\":\"sv-SE\",\"url\":\"https:\/\/ballerina.templ.io\/app\/uploads\/2018\/07\/templio-logo-large.png\",\"contentUrl\":\"https:\/\/ballerina.templ.io\/app\/uploads\/2018\/07\/templio-logo-large.png\",\"width\":1310,\"height\":308,\"caption\":\"Templ.io AB\"},\"image\":{\"@id\":\"https:\/\/ballerina.templ.io\/#logo\"}},{\"@type\":\"WebSite\",\"@id\":\"https:\/\/ballerina.templ.io\/#website\",\"url\":\"https:\/\/ballerina.templ.io\/\",\"name\":\"Templ\",\"description\":\"Managed Google Cloud WordPress hosting made simple\",\"publisher\":{\"@id\":\"https:\/\/ballerina.templ.io\/#organization\"},\"potentialAction\":[{\"@type\":\"SearchAction\",\"target\":\"https:\/\/ballerina.templ.io\/?s={search_term_string}\",\"query-input\":\"required name=search_term_string\"}],\"inLanguage\":\"sv-SE\"},{\"@type\":\"WebPage\",\"@id\":\"https:\/\/ballerina.templ.io\/sv\/villkor\/#webpage\",\"url\":\"https:\/\/ballerina.templ.io\/sv\/villkor\/\",\"name\":\"Villkor | Templ\",\"isPartOf\":{\"@id\":\"https:\/\/ballerina.templ.io\/#website\"},\"datePublished\":\"2018-07-30T12:37:33+00:00\",\"dateModified\":\"2018-10-27T12:59:30+00:00\",\"breadcrumb\":{\"@id\":\"https:\/\/ballerina.templ.io\/sv\/villkor\/#breadcrumb\"},\"inLanguage\":\"sv-SE\",\"potentialAction\":[{\"@type\":\"ReadAction\",\"target\":[\"https:\/\/ballerina.templ.io\/sv\/villkor\/\"]}]},{\"@type\":\"BreadcrumbList\",\"@id\":\"https:\/\/ballerina.templ.io\/sv\/villkor\/#breadcrumb\",\"itemListElement\":[{\"@type\":\"ListItem\",\"position\":1,\"name\":\"Home\",\"item\":\"https:\/\/ballerina.templ.io\/sv\/home-page\/\"},{\"@type\":\"ListItem\",\"position\":2,\"name\":\"Villkor\"}]}]}<\/script>\n<!-- \/ Yoast SEO plugin. -->","_links":{"self":[{"href":"https:\/\/ballerina.templ.io\/sv\/wp-json\/wp\/v2\/pages\/4899"}],"collection":[{"href":"https:\/\/ballerina.templ.io\/sv\/wp-json\/wp\/v2\/pages"}],"about":[{"href":"https:\/\/ballerina.templ.io\/sv\/wp-json\/wp\/v2\/types\/page"}],"author":[{"embeddable":true,"href":"https:\/\/ballerina.templ.io\/sv\/wp-json\/wp\/v2\/users\/1"}],"replies":[{"embeddable":true,"href":"https:\/\/ballerina.templ.io\/sv\/wp-json\/wp\/v2\/comments?post=4899"}],"version-history":[{"count":0,"href":"https:\/\/ballerina.templ.io\/sv\/wp-json\/wp\/v2\/pages\/4899\/revisions"}],"wp:attachment":[{"href":"https:\/\/ballerina.templ.io\/sv\/wp-json\/wp\/v2\/media?parent=4899"}],"curies":[{"name":"wp","href":"https:\/\/api.w.org\/{rel}","templated":true}]}}