{"id":4914,"date":"2018-08-02T07:29:01","date_gmt":"2018-08-02T05:29:01","guid":{"rendered":"http:\/\/templ.io\/?page_id=4914"},"modified":"2019-03-30T02:04:06","modified_gmt":"2019-03-30T01:04:06","slug":"tva-manader-gratis","status":"publish","type":"page","link":"https:\/\/ballerina.templ.io\/sv\/tva-manader-gratis\/","title":{"rendered":"Kampanj: Tv\u00e5 M\u00e5nader Gratis"},"content":{"rendered":"<section class=\"section campaign-header text-center\">\n<div class=\"container\">\n<h1>Hej! Vad kul att du hittade hit!<\/h1>\n<p class=\"lead\">V\u00e4lkommen till framtidens webbhotell. Specialiserat p\u00e5 WordPress &#038; WooCommerce, och byggt p\u00e5 Googles hypersnabba, l\u00f6jligt stabila, molninfrastruktur.<\/p>\n<img src=\"data:image\/svg+xml;base64,\" alt=\"Rocket monkey\" class=\"\">\n<p class=\"offer\">Vi erbjuder dig att prova Templ.io helt utan kostnad under tv\u00e5 m\u00e5nader och uppleva hur din webshop formligen flyger fram i molnet. <a href=\"#campaign-register\">Skapa ett konto<\/a> nedan f\u00f6r att aktivera.<\/p>\n<div class=\"row\">\n<div class=\"col text-center\">\n        <img src=\"data:image\/svg+xml;base64,\" alt=\"Templ.io logo\" class=\"templio-logo\">\n      <\/div>\n<\/p><\/div>\n<div class=\"row justify-content-around d-flex align-items-center partner-logos\">\n<div class=\"col-6 text-center\">\n        <img src=\"data:image\/svg+xml;base64,\" alt=\"Google Cloud Platform\" class=\"google-logo\">\n      <\/div>\n<div class=\"col-6 text-center\">\n        <img src=\"data:image\/svg+xml;base64,\" alt=\"WooCommerce\" class=\"woocommerce-logo\">\n      <\/div>\n<\/p><\/div>\n<\/p><\/div>\n<\/section>\n<section class=\"section cta-big cta-campaign\">\n<div class=\"container\">\n<div class=\"row d-flex align-items-center text-center\">\n<div class=\"col-12\">\n<p class=\"lead\">Visste du att 53% l\u00e4mnar en hemsida som tar mer \u00e4n 3 sekunder att ladda? Hur mycket mer skulle du s\u00e4lja om din webshop laddade 50% snabbare? Hos oss ligger din webshop p\u00e5 en privat server i Googles moln f\u00f6r maximal hastighet, prestanda och s\u00e4kerhet, och du administrerar den enkelt med v\u00e5r l\u00e4ttanv\u00e4nda kontrollpanel.<\/p>\n<p>        <a href=\"#campaign-register\" class=\"btn btn-primary btn-lg\" role=\"button\">Kom ig\u00e5ng<\/a>\n      <\/div>\n<\/p><\/div>\n<\/p><\/div>\n<\/section>\n<section class=\"section large-features\">\n<div class=\"container\">\n<div class=\"row justify-content-center d-flex align-items-center feature large-feature flex-row-reverse\">\n<div class=\"col-md-6 col-lg-5 illustration\">\n        <img src=\"data:image\/svg+xml;base64,\" alt=\"Monkey swinging\" class=\"\">\n      <\/div>\n<div class=\"col-md-5 description\">\n<h2>Hastighet signerat Google.<\/h2>\n<p>Hos Templ.io laddar din WordPress-sajt alltid blixtsnabbt. Svinga dig f\u00f6rbi konkurrensen med hastigheten fr\u00e5n Googles bepr\u00f6vade servrar.<\/p>\n<\/p><\/div>\n<\/p><\/div>\n<div class=\"row justify-content-center d-flex align-items-center feature large-feature\">\n<div class=\"col-md-6 col-lg-5 illustration\">\n        <img src=\"data:image\/svg+xml;base64,\" alt=\"Support in the jungle\" class=\"\">\n      <\/div>\n<div class=\"col-md-5 description\">\n<h2>P\u00e5litlig och kunnig support.<\/h2>\n<p>Snabb och personlig support fr\u00e5n kunnig och engagerad personal, med expertis inom WordPress och WooCommerce.<\/p>\n<\/p><\/div>\n<\/p><\/div>\n<div class=\"row justify-content-center d-flex align-items-center feature large-feature flex-row-reverse\">\n<div class=\"col-md-6 col-lg-5 illustration\">\n        <img src=\"data:image\/svg+xml;base64,\" alt=\"Mountain climbing\" class=\"\">\n      <\/div>\n<div class=\"col-md-5 description\">\n<h2>Ett webbhotell att v\u00e4xa i.<\/h2>\n<p>Hos Templ.io kan du skala upp i takt med att din verksamhet v\u00e4xer. Uppgradera snabbt och smidigt fr\u00e5n v\u00e5r kontrollpanel.<\/p>\n<\/p><\/div>\n<\/p><\/div>\n<\/p><\/div>\n<\/section>\n<section class=\"section testimonials white\">\n<div class=\"container\">\n<h2>Ett urval av v\u00e5ra fantastiska kunder<\/h2>\n<div class=\"row\">\n<div class=\"col-12 col-md-6 col-lg-3\">\n<div class=\"testimonial\">\n<div class=\"img-container\">\n            <img src=\"https:\/\/ballerina.templ.io\/wp-content\/themes\/templio\/img\/testimonials\/audioconcept-se-660x440.jpg\" alt=\"audioconcept.se\"><\/p>\n<div class=\"overlay\"><\/div>\n<\/p><\/div>\n<div class=\"content\">\n<p class=\"quote\">Vi m\u00e4rkte en markant f\u00f6rb\u00e4ttring n\u00e4r vi flyttade allt inneh\u00e5ll till Templ.io. Service och svarstider \u00e4r ocks\u00e5 mycket bra. Kan varmt rekommendera Templ.io.<\/p>\n<p>            <a href=\"https:\/\/audioconcept.se\/\">Bes\u00f6k audioconcept.se<\/a><\/p>\n<p class=\"plan\">Medium<\/p>\n<\/p><\/div>\n<\/p><\/div>\n<p class=\"name\">audioconcept.se<\/p>\n<\/p><\/div>\n<div class=\"col-12 col-md-6 col-lg-3\">\n<div class=\"testimonial\">\n<div class=\"img-container\">\n            <img src=\"https:\/\/ballerina.templ.io\/wp-content\/themes\/templio\/img\/testimonials\/inknart-se-660x440.jpg\" alt=\"inknart.se\"><\/p>\n<div class=\"overlay\"><\/div>\n<\/p><\/div>\n<div class=\"content\">\n<p>Produktionsbyr\u00e5n INK N ART i G\u00f6teborg placerade deras nya hemsida hos oss p\u00e5 Templ.io. Resultatet blev en ny hemsida med 85% kortare laddtid \u00e4n den gamla.<\/p>\n<p>            <a href=\"https:\/\/inknart.se\/\">Bes\u00f6k inknart.se<\/a><\/p>\n<p class=\"plan\">Small<\/p>\n<\/p><\/div>\n<\/p><\/div>\n<p class=\"name\">inknart.se<\/p>\n<\/p><\/div>\n<div class=\"col-12 col-md-6 col-lg-3\">\n<div class=\"testimonial\">\n<div class=\"img-container\">\n            <img src=\"https:\/\/ballerina.templ.io\/wp-content\/themes\/templio\/img\/testimonials\/newsledge-com-660x440.jpg\" alt=\"newsledge.com\"><\/p>\n<div class=\"overlay\"><\/div>\n<\/p><\/div>\n<div class=\"content\">\n<p class=\"quote\">Templ.io was one of the best decisions I\u2019ve made in my hunt for the best hosting. It\u2019s that level of customer service which makes it easy to call Templ.io home.<\/p>\n<p>            <a href=\"https:\/\/www.newsledge.com\/\">Bes\u00f6k newsledge.com<\/a><\/p>\n<p class=\"plan\">Medium<\/p>\n<\/p><\/div>\n<\/p><\/div>\n<p class=\"name\">newsledge.com<\/p>\n<\/p><\/div>\n<div class=\"col-12 col-md-6 col-lg-3\">\n<div class=\"testimonial\">\n<div class=\"img-container\">\n            <img src=\"https:\/\/ballerina.templ.io\/wp-content\/themes\/templio\/img\/testimonials\/osterlen-se-660x440.jpg\" alt=\"\u00f6sterlen.se\"><\/p>\n<div class=\"overlay\"><\/div>\n<\/p><\/div>\n<div class=\"content\">\n<p class=\"quote\">Det tog knappt 10 \u00e5r med drygt 200 WordPress-installationer innan jag uppt\u00e4ckte Templ.io. Templ.io \u00e4r ungef\u00e4r som &#8221;sokkiplast i jympasalen&#8221;, man kan inte vara utan dem. <span class=\"smiley\">\ud83d\ude09<\/span><\/p>\n<p>            <a href=\"https:\/\/www.\u00f6sterlen.se\/\">Bes\u00f6k \u00f6sterlen.se<\/a><\/p>\n<p class=\"plan\">Medium<\/p>\n<\/p><\/div>\n<\/p><\/div>\n<p class=\"name\">\u00f6sterlen.se<\/p>\n<\/p><\/div>\n<\/p><\/div>\n<\/p><\/div>\n<\/section>\n<section class=\"section free-migration\">\n<div class=\"container\">\n<div class=\"row justify-content-around d-flex align-items-center \">\n<div class=\"col-md-4\">\n        <img src=\"https:\/\/ballerina.templ.io\/wp-content\/themes\/templio\/img\/features\/migration.svg\" alt=\"Free migration\">\n      <\/div>\n<div class=\"col-md-8\">\n<h3>Gratis flytthj\u00e4lp.<\/h3>\n<p>Att flytta en webshop kan vara ett stort och besv\u00e4rligt projekt. Inte hos oss p\u00e5 Templ.io. Vi tar hand om flytten \u00e5t dig och tillhandah\u00e5ller en tillf\u00e4llig dom\u00e4n, s\u00e5 att du i lugn och ro kan f\u00f6rs\u00e4kra dig om att allt fungerar innan du pekar om dom\u00e4nen.<\/p>\n<p>        <a href=\"#campaign-register\" class=\"btn btn-outline-primary\" role=\"button\">Kom ig\u00e5ng<\/a>\n      <\/div>\n<\/p><\/div>\n<\/p><\/div>\n<\/section>\n<section class=\"section features\">\n<div class=\"container\">\n<div class=\"row\">\n<div class=\"col-sm-4 feature\">\n        <img src=\"https:\/\/ballerina.templ.io\/wp-content\/themes\/templio\/img\/features\/own-cloud.svg\" alt=\"Own cloud\"><\/p>\n<h4>DIN EGEN CLOUDSERVER<\/h4>\n<p>S\u00e4g adj\u00f6 till delad hosting d\u00e4r andras hemsidor kan \u00e4ventyra din webshops laddtider och s\u00e4kerhet.<\/p>\n<\/p><\/div>\n<div class=\"col-sm-4 feature\">\n        <img src=\"https:\/\/ballerina.templ.io\/wp-content\/themes\/templio\/img\/features\/ssl.svg\" alt=\"SSL\"><\/p>\n<h4>GRATIS SSL UTAN INSTALLATION<\/h4>\n<p>Sj\u00e4lvklart f\u00e5r alla sajter hos oss gratis SSL. Helt utan installation.<\/p>\n<\/p><\/div>\n<div class=\"col-sm-4 feature\">\n        <img src=\"https:\/\/ballerina.templ.io\/wp-content\/themes\/templio\/img\/features\/backups.svg\" alt=\"Backups\"><\/p>\n<h4>DAGLIGA BACKUPER<\/h4>\n<p>Vi backar upp din hemsida dagligen, och du \u00e5terst\u00e4ller den enkelt med ett klick.<\/p>\n<\/p><\/div>\n<\/p><\/div>\n<div class=\"row\">\n<div class=\"col-sm-4 feature\">\n        <img src=\"https:\/\/ballerina.templ.io\/wp-content\/themes\/templio\/img\/features\/security.svg\" alt=\"Security\"><\/p>\n<h4>PROBLEMFRI S\u00c4KERHET<\/h4>\n<p>Vi \u00f6vervakar och f\u00f6rebygger alla typer av attacker, och ser till att din webshop alltid \u00e4r s\u00e4ker.<\/p>\n<\/p><\/div>\n<div class=\"col-sm-4 feature\">\n        <img src=\"https:\/\/ballerina.templ.io\/wp-content\/themes\/templio\/img\/features\/control-panel.svg\" alt=\"Control panel\"><\/p>\n<h4>L\u00c4TTANV\u00c4ND KONTROLLPANEL<\/h4>\n<p>Kom ig\u00e5ng p\u00e5 ett par minuter och l\u00e4gg resten av din tid p\u00e5 annat.<\/p>\n<\/p><\/div>\n<div class=\"col-sm-4 feature\">\n        <img src=\"https:\/\/ballerina.templ.io\/wp-content\/themes\/templio\/img\/features\/woocommerce.svg\" alt=\"WooCommerce\"><\/p>\n<h4>OPTIMERAT F\u00d6R WOOCOMMERCE<\/h4>\n<p>Templ.io \u00e4r byggt f\u00f6r WordPress och WooCommerce, och vi optimerar alla v\u00e5ra servrar d\u00e4refter.<\/p>\n<\/p><\/div>\n<\/p><\/div>\n<\/p><\/div>\n<\/section>\n<section class=\"section cta-big cta-campaign-2\">\n<div class=\"container\">\n<div class=\"row d-flex align-items-center text-center\">\n<div class=\"col-12\">\n<p class=\"lead\">Prova Templ.io under tv\u00e5 m\u00e5nader helt utan kostnad, och upplev WordPress i Googles hastighet.<\/p>\n<p>        <a href=\"#campaign-register\" class=\"btn btn-primary btn-lg\" role=\"button\">Kom ig\u00e5ng<\/a>\n      <\/div>\n<\/p><\/div>\n<\/p><\/div>\n<\/section>\n<section class=\"section pricing-table pricing-campaign\">\n<div class=\"container pb-5\">\n<div class=\"row d-flex align-items-center text-center pricing-header\">\n<div class=\"col-12\">\n<h3>Hitta r\u00e4tt paket f\u00f6r dig.<\/h3>\n<p>B\u00f6rja gratis idag. Uppgradera (eller nedgradera) n\u00e4r du vill.<\/p>\n<\/p><\/div>\n<\/p><\/div>\n<div class=\"row\">\n      <!-- Small --><\/p>\n<div class=\"col-lg-4\">\n<div class=\"card mb-5 mb-lg-0 text-center\">\n<div class=\"card-header\">\n            <img src=\"data:image\/svg+xml;base64,\" alt=\"Google Cloud Platform\" class=\"\">\n          <\/div>\n<div class=\"card-body\">\n<h3 class=\"plan\">Small<\/h3>\n<p class=\"price\">258 SEK <span class=\"period\">per m\u00e5nad<\/span><\/p>\n<div class=\"img-container\">\n              <img class=\"plan-img\" src=\"https:\/\/ballerina.templ.io\/wp-content\/themes\/templio\/img\/pricing\/temple-small.svg\" alt=\"Small temple\">\n            <\/div>\n<p class=\"plan-description\">Ett bra val f\u00f6r nystartade.<\/p>\n<ul class=\"fa-ul\">\n<li><span>1 CPU Core (delad)<\/span><\/li>\n<li><span>0.6GB RAM + 1GB swap<\/span><\/li>\n<li><span>10GB SSD Lagring<\/span><\/li>\n<li><span>10GB Bandbredd<\/span><\/li>\n<li><span>Gratis SSL<\/span><\/li>\n<li><span>1 WordPress-installation<\/span><\/li>\n<li><span>Extra WP-sajt (+SEK 89\/m\u00e5n)<\/span><\/li>\n<\/ul>\n<p>            <a href=\"#campaign-register\" class=\"btn btn-primary mx-auto d-block\" role=\"button\">Prova Gratis<\/a>\n          <\/div>\n<\/p><\/div>\n<p><!-- \/card -->\n      <\/div>\n<p><!-- \/col --><br \/>\n      <!-- Medium --><\/p>\n<div class=\"col-lg-4\">\n<div class=\"card mb-5 mb-lg-0 text-center\">\n<div class=\"card-header\">\n            <img src=\"data:image\/svg+xml;base64,\" alt=\"Google Cloud Platform\" class=\"\">\n          <\/div>\n<div class=\"card-body\">\n<h3 class=\"plan\">Medium<\/h3>\n<p class=\"price\">703 SEK <span class=\"period\">per m\u00e5nad<\/span><\/p>\n<div class=\"img-container\">\n              <img class=\"plan-img\" src=\"https:\/\/ballerina.templ.io\/wp-content\/themes\/templio\/img\/pricing\/temple-medium.svg\" alt=\"Medium temple\">\n            <\/div>\n<p class=\"plan-description\">F\u00f6r webshoppar som v\u00e4xer.<\/p>\n<ul class=\"fa-ul\">\n<li><span>1 CPU Core<\/span><\/li>\n<li><span>3.75GB RAM<\/span><\/li>\n<li><span>25GB SSD Lagring<\/span><\/li>\n<li><span>25GB Bandbredd<\/span><\/li>\n<li><span>Gratis SSL<\/span><\/li>\n<li><span>1 WordPress-installation<\/span><\/li>\n<li><span>Extra WP-sajt (+SEK 89\/m\u00e5n)<\/span><\/li>\n<\/ul>\n<p>            <a href=\"#campaign-register\" class=\"btn btn-primary mx-auto d-block\" role=\"button\">Prova Gratis*<\/a>\n          <\/div>\n<\/p><\/div>\n<p><!-- \/card -->\n      <\/div>\n<p><!-- \/col --><br \/>\n      <!-- Large --><\/p>\n<div class=\"col-lg-4\">\n<div class=\"card mb-lg-0 text-center\">\n<div class=\"card-header\">\n            <img src=\"data:image\/svg+xml;base64,\" alt=\"Google Cloud Platform\" class=\"\">\n          <\/div>\n<div class=\"card-body\">\n<h3 class=\"plan\">Large<\/h3>\n<p class=\"price\">1326 SEK <span class=\"period\">per m\u00e5nad<\/span><\/p>\n<div class=\"img-container\">\n              <img class=\"plan-img\" src=\"https:\/\/ballerina.templ.io\/wp-content\/themes\/templio\/img\/pricing\/temple-large.svg\" alt=\"Large temple\">\n            <\/div>\n<p class=\"plan-description\">F\u00f6r massiv trafik.<\/p>\n<ul class=\"fa-ul\">\n<li><span>2 CPU Cores<\/span><\/li>\n<li><span>7.5GB RAM<\/span><\/li>\n<li><span>50GB SSD Lagring<\/span><\/li>\n<li><span>100GB Bandbredd<\/span><\/li>\n<li><span>Gratis SSL<\/span><\/li>\n<li><span>1 WordPress-installation<\/span><\/li>\n<li><span>Extra WP-sajt (+SEK 89\/m\u00e5n)<\/span><\/li>\n<\/ul>\n<p>            <a href=\"#campaign-register\" class=\"btn btn-primary mx-auto d-block\" role=\"button\">Prova Gratis*<\/a>\n          <\/div>\n<\/p><\/div>\n<p><!-- \/card -->\n      <\/div>\n<p><!-- \/col -->\n    <\/div>\n<div class=\"row\">\n<div class=\"col-12 text-center\">\n        <small class=\"small-disclaimer\">*Provk\u00f6r Templ.io Small i 2 m\u00e5nader helt gratis. Uppgradera enkelt till Medium eller Large i kontrollpanelen efter att du skapat ett konto.<\/small>\n      <\/div>\n<\/p><\/div>\n<\/p><\/div>\n<\/section>\n<section class=\"section campaign-register\">\n<div class=\"container\">\n<div class=\"row\">\n<div class=\"col-md-5 register-intro\">\n<h3>V\u00e4lkommen till framtidens webbhotell.<\/h3>\n<p>Skapa konto idag och aktivera dina tv\u00e5 gratism\u00e5nader.<\/p>\n<img src=\"data:image\/svg+xml;base64,\" alt=\"Templ.io temple\" class=\"\"><\/div>\n<div class=\"col-md-7\" id=\"campaign-register\">\n        <div class=\"tml tml-register\">\n<div class=\"tml-alerts\"><\/div><form name=\"register\" action=\"https:\/\/ballerina.templ.io\/sv\/register\/\" method=\"post\" novalidate=\"novalidate\">\n<div class=\"form-group\">\n<label class=\"tml-label\" for=\"first_name\">F\u00f6rnamn<\/label>\n<input name=\"first_name\" type=\"text\" value=\"\" id=\"first_name\" class=\"form-control\" class=\"tml-field\">\n<\/div>\n\n<div class=\"form-group\">\n<label class=\"tml-label\" for=\"last_name\">Efternamn<\/label>\n<input name=\"last_name\" type=\"text\" value=\"\" id=\"last_name\" class=\"form-control\" class=\"tml-field\">\n<\/div>\n\n<input name=\"user_login\" type=\"hidden\" value=\"userc013c6a56e2fa3d1e22f8dc50131a750\" id=\"user_login\">\n\n<div class=\"form-group\">\n<label class=\"tml-label\" for=\"user_email\">E-postadress<\/label>\n<input name=\"user_email\" type=\"email\" value=\"\" id=\"user_email\" class=\"form-control\" class=\"tml-field\">\n<\/div>\n\n<div class=\"form-group\">\n<label class=\"tml-label\" for=\"pass1\">L\u00f6senord<\/label>\n<input name=\"user_pass1\" type=\"password\" value=\"\" id=\"pass1\" autocomplete=\"off\" class=\"form-control\" class=\"tml-field\">\n<\/div>\n\n\n<div class=\"form-group\">\n<button name=\"submit\" type=\"submit\" class=\"form-control\" class=\"tml-button\">Kom ig\u00e5ng<\/button>\n<\/div>\n\n<input name=\"redirect_to\" type=\"hidden\" value=\"\">\n\n<div class=\"form-group\">\n<p class=\"terms-disclaimer\">Genom att klicka p\u00e5 \"Kom ig\u00e5ng\" s\u00e5 skapar du ett Templ-konto och godk\u00e4nner Templs <a href=\"https:\/\/ballerina.templ.io\/sv\/legal\/terms-of-service\/\" target=\"_blank\">anv\u00e4ndarvillkor<\/a> och <a href=\"https:\/\/ballerina.templ.io\/sv\/legal\/privacy-policy\/\" target=\"_blank\">sekretesspolicy<\/a>.<\/p><\/div>\n\n<\/form>\n<\/div>\n<br \/>\n    <script type=\"text\/javascript\">\n      jQuery(document).ready(function($){\n        $('.tml-label[for=\"first_name\"]').html(function(index,html){\n        return html.replace('Name','Namn');\n        });\n      });\n    <\/script>\n      <\/div>\n<\/p><\/div>\n<\/p><\/div>\n<\/section>\n<section class=\"section sales-rep\">\n<div class=\"container\">\n<div class=\"row\">\n<div class=\"col-md-6 pt-md-5\">\n<p class=\"title\">Ansvarig F\u00f6rs\u00e4ljare<\/p>\n<h2>Oskar Andersson Teleman<\/h2>\n<hr>\n<p class=\"contact-info phone\"><a href=\"tel:+46707596916\">070-759 69 16<\/a><\/p>\n<p class=\"contact-info email\"><a href=\"mailto:oskar(at)templ(dot)io\">oskar(at)templ(dot)io<\/a><\/p>\n<\/p><\/div>\n<div class=\"col-md-6\">\n        <img src=\"https:\/\/ballerina.templ.io\/wp-content\/themes\/templio\/img\/staff\/oskar-color.jpg\" alt=\"Oskar Andersson\">\n      <\/div>\n<\/p><\/div>\n<\/p><\/div>\n<\/section>\n<section class=\"section support-header text-center\">\n<div class=\"container\">\n<p class=\"lead mb-3 mb-md-5\">Vi \u00e4r h\u00e4r f\u00f6r att hj\u00e4lpa till. Kontakta oss n\u00e4r som helst via email eller chatt.<br \/>\nDet g\u00e5r ocks\u00e5 bra att ringa oss mellan 07:00 &#8211; 17:00.<\/p>\n<div class=\"row justify-content-around d-flex align-items-center\">\n<div class=\"col-md-4 mt-4 mt-md-0\">\n<h4>Chatta med oss<\/h4>\n<p>        <a href=\"#\" id=\"intercom-launcher\">L\u00e5t oss prata!<\/a>\n      <\/div>\n<div class=\"col-md-4 mt-4 mt-md-0\">\n<h4>Maila oss<\/h4>\n<p>        <a href=\"mailto:support@templ.io\">support@templ.io<\/a>\n      <\/div>\n<div class=\"col-md-4 mt-4 mt-md-0\">\n<h4>Sl\u00e5 en signal<\/h4>\n<p>        <a href=\"tel:+46855925681\">08-559 25 681<\/a>\n      <\/div>\n<\/p><\/div>\n<\/p><\/div>\n<\/section>\n","protected":false},"excerpt":{"rendered":"<p>Hej! Vad kul att du hittade hit! V\u00e4lkommen till framtidens webbhotell. Specialiserat p\u00e5 WordPress &#038; WooCommerce, och byggt p\u00e5 Googles hypersnabba, l\u00f6jligt stabila, molninfrastruktur. Vi erbjuder dig att prova Templ.io helt utan kostnad under tv\u00e5 m\u00e5nader och uppleva hur din webshop formligen flyger fram i molnet. Skapa ett konto nedan f\u00f6r att aktivera. Visste du [&hellip;]<\/p>\n","protected":false},"author":9,"featured_media":0,"parent":0,"menu_order":0,"comment_status":"closed","ping_status":"closed","template":"page-templates\/empty.php","meta":[],"yoast_head":"<!-- This site is optimized with the Yoast SEO plugin v16.5 - https:\/\/yoast.com\/wordpress\/plugins\/seo\/ -->\n<title>Kampanj: Tv\u00e5 M\u00e5nader Gratis | Templ<\/title>\n<meta name=\"description\" content=\"Prova Templ.io helt gratis i tv\u00e5 m\u00e5nader, utan f\u00f6rpliktelser. Sveriges snabbaste webbhotell, support p\u00e5 svenska &amp; gratis flytthj\u00e4l. Prova idag!\" \/>\n<meta name=\"robots\" content=\"noindex, follow, max-snippet:-1, max-image-preview:large, max-video-preview:-1\" \/>\n<meta property=\"og:locale\" content=\"sv_SE\" \/>\n<meta property=\"og:type\" content=\"article\" \/>\n<meta property=\"og:title\" content=\"Kampanj: Tv\u00e5 M\u00e5nader Gratis | Templ\" \/>\n<meta property=\"og:description\" content=\"Prova Templ.io helt gratis i tv\u00e5 m\u00e5nader, utan f\u00f6rpliktelser. Sveriges snabbaste webbhotell, support p\u00e5 svenska &amp; gratis flytthj\u00e4l. Prova idag!\" \/>\n<meta property=\"og:url\" content=\"https:\/\/ballerina.templ.io\/sv\/tva-manader-gratis\/\" \/>\n<meta property=\"og:site_name\" content=\"Templ\" \/>\n<meta property=\"article:publisher\" content=\"https:\/\/www.facebook.com\/templhosting\/\" \/>\n<meta property=\"article:modified_time\" content=\"2019-03-30T01:04:06+00:00\" \/>\n<meta property=\"og:image\" content=\"https:\/\/ballerina.templ.io\/wp-content\/themes\/templio\/img\/testimonials\/audioconcept-se-660x440.jpg\" \/>\n<meta name=\"twitter:card\" content=\"summary_large_image\" \/>\n<meta name=\"twitter:site\" content=\"@templ_io\" \/>\n<meta name=\"twitter:label1\" content=\"Ber\u00e4knad l\u00e4stid\" \/>\n\t<meta name=\"twitter:data1\" content=\"4 minuter\" \/>\n<script type=\"application\/ld+json\" class=\"yoast-schema-graph\">{\"@context\":\"https:\/\/schema.org\",\"@graph\":[{\"@type\":\"Organization\",\"@id\":\"https:\/\/ballerina.templ.io\/#organization\",\"name\":\"Templ.io AB\",\"url\":\"https:\/\/ballerina.templ.io\/\",\"sameAs\":[\"https:\/\/www.facebook.com\/templhosting\/\",\"https:\/\/www.instagram.com\/templ.io\/\",\"https:\/\/www.linkedin.com\/company\/wootemple\/\",\"https:\/\/www.youtube.com\/channel\/UC0bdV8I5teQzS2GhqCECx_Q\",\"https:\/\/twitter.com\/templ_io\"],\"logo\":{\"@type\":\"ImageObject\",\"@id\":\"https:\/\/ballerina.templ.io\/#logo\",\"inLanguage\":\"sv-SE\",\"url\":\"https:\/\/ballerina.templ.io\/app\/uploads\/2018\/07\/templio-logo-large.png\",\"contentUrl\":\"https:\/\/ballerina.templ.io\/app\/uploads\/2018\/07\/templio-logo-large.png\",\"width\":1310,\"height\":308,\"caption\":\"Templ.io AB\"},\"image\":{\"@id\":\"https:\/\/ballerina.templ.io\/#logo\"}},{\"@type\":\"WebSite\",\"@id\":\"https:\/\/ballerina.templ.io\/#website\",\"url\":\"https:\/\/ballerina.templ.io\/\",\"name\":\"Templ\",\"description\":\"Managed Google Cloud WordPress hosting made simple\",\"publisher\":{\"@id\":\"https:\/\/ballerina.templ.io\/#organization\"},\"potentialAction\":[{\"@type\":\"SearchAction\",\"target\":\"https:\/\/ballerina.templ.io\/?s={search_term_string}\",\"query-input\":\"required name=search_term_string\"}],\"inLanguage\":\"sv-SE\"},{\"@type\":\"ImageObject\",\"@id\":\"https:\/\/ballerina.templ.io\/sv\/tva-manader-gratis\/#primaryimage\",\"inLanguage\":\"sv-SE\",\"url\":\"https:\/\/ballerina.templ.io\/wp-content\/themes\/templio\/img\/testimonials\/audioconcept-se-660x440.jpg\",\"contentUrl\":\"https:\/\/ballerina.templ.io\/wp-content\/themes\/templio\/img\/testimonials\/audioconcept-se-660x440.jpg\"},{\"@type\":\"WebPage\",\"@id\":\"https:\/\/ballerina.templ.io\/sv\/tva-manader-gratis\/#webpage\",\"url\":\"https:\/\/ballerina.templ.io\/sv\/tva-manader-gratis\/\",\"name\":\"Kampanj: Tv\\u00e5 M\\u00e5nader Gratis | Templ\",\"isPartOf\":{\"@id\":\"https:\/\/ballerina.templ.io\/#website\"},\"primaryImageOfPage\":{\"@id\":\"https:\/\/ballerina.templ.io\/sv\/tva-manader-gratis\/#primaryimage\"},\"datePublished\":\"2018-08-02T05:29:01+00:00\",\"dateModified\":\"2019-03-30T01:04:06+00:00\",\"description\":\"Prova Templ.io helt gratis i tv\\u00e5 m\\u00e5nader, utan f\\u00f6rpliktelser. Sveriges snabbaste webbhotell, support p\\u00e5 svenska & gratis flytthj\\u00e4l. Prova idag!\",\"breadcrumb\":{\"@id\":\"https:\/\/ballerina.templ.io\/sv\/tva-manader-gratis\/#breadcrumb\"},\"inLanguage\":\"sv-SE\",\"potentialAction\":[{\"@type\":\"ReadAction\",\"target\":[\"https:\/\/ballerina.templ.io\/sv\/tva-manader-gratis\/\"]}]},{\"@type\":\"BreadcrumbList\",\"@id\":\"https:\/\/ballerina.templ.io\/sv\/tva-manader-gratis\/#breadcrumb\",\"itemListElement\":[{\"@type\":\"ListItem\",\"position\":1,\"name\":\"Home\",\"item\":\"https:\/\/ballerina.templ.io\/sv\/home-page\/\"},{\"@type\":\"ListItem\",\"position\":2,\"name\":\"Kampanj: Tv\\u00e5 M\\u00e5nader Gratis\"}]}]}<\/script>\n<!-- \/ Yoast SEO plugin. -->","_links":{"self":[{"href":"https:\/\/ballerina.templ.io\/sv\/wp-json\/wp\/v2\/pages\/4914"}],"collection":[{"href":"https:\/\/ballerina.templ.io\/sv\/wp-json\/wp\/v2\/pages"}],"about":[{"href":"https:\/\/ballerina.templ.io\/sv\/wp-json\/wp\/v2\/types\/page"}],"author":[{"embeddable":true,"href":"https:\/\/ballerina.templ.io\/sv\/wp-json\/wp\/v2\/users\/9"}],"replies":[{"embeddable":true,"href":"https:\/\/ballerina.templ.io\/sv\/wp-json\/wp\/v2\/comments?post=4914"}],"version-history":[{"count":0,"href":"https:\/\/ballerina.templ.io\/sv\/wp-json\/wp\/v2\/pages\/4914\/revisions"}],"wp:attachment":[{"href":"https:\/\/ballerina.templ.io\/sv\/wp-json\/wp\/v2\/media?parent=4914"}],"curies":[{"name":"wp","href":"https:\/\/api.w.org\/{rel}","templated":true}]}}