{"id":5871,"date":"2019-01-10T06:46:34","date_gmt":"2019-01-10T05:46:34","guid":{"rendered":"https:\/\/ballerina.templ.io\/?page_id=5871"},"modified":"2020-05-15T13:24:35","modified_gmt":"2020-05-15T11:24:35","slug":"bli-affiliate","status":"publish","type":"page","link":"https:\/\/ballerina.templ.io\/sv\/bli-affiliate\/","title":{"rendered":"Bli Affiliate"},"content":{"rendered":"<section class=\"section header-image-right-1\">\n<div class=\"container\">\n<div class=\"row d-flex align-items-center\">\n<div class=\"col-12 col-lg-5 text-center text-sm-left\">\n<h3>Bli en Templ affiliate idag och tj\u00e4na obegr\u00e4nsat med provision.<\/h3>\n<p>Samarbeta med oss och arbeta upp livsl\u00e5ng \u00e5terkommande provision, med gener\u00f6sa bonusar f\u00f6r varje kund du refererrar. En verklig m\u00f6jlighet till en substansiell passiv inkomst.\n\t\t\t<\/p>\n<div class=\"cta-big btn-link\"><a href=\"https:\/\/ballerina.templ.io\/affiliate-area\/\" class=\"btn btn-primary\" role=\"button\">Kom ig\u00e5ng<\/a><\/div>\n<\/p><\/div>\n<div class=\"col-12 col-lg-7\">\n\t\t\t<img src=\"data:image\/svg+xml;base64,\" alt=\"Templ affiliate program\" class=\"\">\n\t\t  <\/div>\n<\/p><\/div>\n<\/p><\/div>\n<\/section>\n<section class=\"section large-checklist\">\n<div class=\"container\">\n<div class=\"row d-flex align-items-center\">\n<div class=\"col-12 col-lg-6 text-center text-sm-left\">\n<h3>Vad du f\u00e5r som affiliate.<br \/>\n\t\t\t<\/h3>\n<p>Kunder stanna hos Templ. Det betyder att du bygger upp och \u00f6kar din passiva inkomst \u00f6ver tid. Utbetalningar g\u00f6rs m\u00e5natligen till ditt Paypal-konto. Du f\u00e5r som affiliate samma 5-stj\u00e4rniga support som erbjuds v\u00e5ra webbhotellkunder.\n\t\t\t<\/p>\n<\/p><\/div>\n<div class=\"col-12 col-lg-5 offset-lg-1\">\n<ul>\n<li>Livsl\u00e5ng provision<\/li>\n<li>Utbetalningar till Paypal-konto<\/li>\n<li>60-dagars tracking cookies<\/li>\n<li>1000 SEK f\u00f6r varje signup<\/li>\n<li>Generera egna referensl\u00e4nkar<\/li>\n<li>Enkel tracking av provision<\/li>\n<li>5-stj\u00e4rnig kundtj\u00e4nst<\/li>\n<\/ul><\/div>\n<\/p><\/div>\n<\/p><\/div>\n<\/section>\n<section class=\"section affiliate-commission\">\n<div class=\"container\">\n<div class=\"row\">\n<div class=\"col-12 text-center\">\n<h3>Tj\u00e4na p\u00e5 varje refererad kund. 10% \u00e5terkommande provision.<\/h3>\n<\/p><\/div>\n<\/p><\/div>\n<div class=\"row\">\n<div class=\"col-lg-9\">\n<table>\n<tbody>\n<tr>\n<th>Plan<\/th>\n<th>Sign up bonus<\/th>\n<th>\u00c5terkommande provision<\/th>\n<th>\u00c5rlig inkomst<\/th>\n<\/tr>\n<tr>\n<td>Small<\/td>\n<td>1000 SEK<\/td>\n<td>10%<\/td>\n<td>123 096 SEK*<\/td>\n<\/tr>\n<tr>\n<td>Small Plus<\/td>\n<td>1000 SEK<\/td>\n<td>10%<\/td>\n<td>126 408 SEK*<\/td>\n<\/tr>\n<tr>\n<td>Medium<\/td>\n<td>1000 SEK<\/td>\n<td>10%<\/td>\n<td>128 436 SEK*<\/td>\n<\/tr>\n<tr>\n<td>Large<\/td>\n<td>1000 SEK<\/td>\n<td>10%<\/td>\n<td>135 912 SEK*<\/td>\n<\/tr>\n<\/tbody>\n<\/table>\n<p>        <small>*Uppskattad \u00e5rlig inkomst om du h\u00e4nvisar 10 kunder per m\u00e5nad.<\/small>\n      <\/div>\n<div class=\"col-lg-3\">\n<ul>\n<li>Livsl\u00e5ng \u00e5terkommande provision<\/li>\n<li>Registreringsbonus p\u00e5 1000 SEK<\/li>\n<li>Testa oss gratis = h\u00f6gre konverteringsgrad<\/li>\n<li>L\u00e4ttanv\u00e4nd kontrollpanel<\/li>\n<li>Trevlig och hj\u00e4lpsam support<\/li>\n<\/ul><\/div>\n<\/p><\/div>\n<\/p><\/div>\n<\/section>\n<section class=\"section cta-big\">\n<div class=\"container\">\n<div class=\"row d-flex align-items-center text-center\">\n<div class=\"col-12\">\n        <a href=\"https:\/\/ballerina.templ.io\/affiliate-area\/\" class=\"btn btn-primary\" role=\"button\">Bli affiliate idag<\/a>\n      <\/div>\n<\/p><\/div>\n<\/p><\/div>\n<\/section>\n<section class=\"section faq-accordian\">\n<div class=\"container\">\n<div class=\"row\">\n<div class=\"col-lg-4\">\n<h3>Fr\u00e5gor och svar<\/h3>\n<p>Hittar du inte vad du letar efter? Kolla in Templs <a href=\"https:\/\/help.templ.io\/svenska-supportartiklar\">supportartiklar<\/a> eller <a href=\"#\" id=\"intercom-launcher\">kontakta oss i chatten<\/a><\/p>\n<\/p><\/div>\n<div class=\"col-lg-8 col-xl-7 offset-xl-1\">\n<div id=\"accordion\">\n<div class=\"card\">\n<div class=\"card-header\" id=\"headingOne\">\n<h5 class=\"mb-0\">\n\t\t\t\t<button class=\"btn btn-link\" data-toggle=\"collapse\" data-target=\"#collapseOne\" aria-expanded=\"true\" aria-controls=\"collapseOne\"><br \/>\n\t\t\t\t  Vem kan delta?<br \/>\n\t\t\t\t<\/button><br \/>\n\t\t\t  <\/h5>\n<\/p><\/div>\n<div id=\"collapseOne\" class=\"collapse\" aria-labelledby=\"headingOne\" data-parent=\"#accordion\">\n<div class=\"card-body\">\n\t\t\t\tVem som helst kan bli affiliate hos oss, och det \u00e4r helt gratis. Vi skulle f\u00f6rt\u00e5s g\u00e4rna se att du \u00e4ven \u00e4r kund hos oss (ska vi prata?).\n\t\t\t  <\/div>\n<\/p><\/div>\n<\/p><\/div>\n<div class=\"card\">\n<div class=\"card-header\" id=\"headingTwo\">\n<h5 class=\"mb-0\">\n\t\t\t\t<button class=\"btn btn-link collapsed\" data-toggle=\"collapse\" data-target=\"#collapseTwo\" aria-expanded=\"false\" aria-controls=\"collapseTwo\"><br \/>\n\t\t\t\t  N\u00e4r f\u00e5r jag betalt?<br \/>\n\t\t\t\t<\/button><br \/>\n\t\t\t  <\/h5>\n<\/p><\/div>\n<div id=\"collapseTwo\" class=\"collapse\" aria-labelledby=\"headingTwo\" data-parent=\"#accordion\">\n<div class=\"card-body\">\n\t\t\t\tAlla utbetalningar g\u00f6rs automatiskt den 1:a varje m\u00e5nad. Alla utbetalningar g\u00f6rs via PayPal till den adress du angav n\u00e4r du registrerade dig som affiliate.\n\t\t\t  <\/div>\n<\/p><\/div>\n<\/p><\/div>\n<div class=\"card\">\n<div class=\"card-header\" id=\"headingThree\">\n<h5 class=\"mb-0\">\n\t\t\t\t<button class=\"btn btn-link collapsed\" data-toggle=\"collapse\" data-target=\"#collapseThree\" aria-expanded=\"false\" aria-controls=\"collapseThree\"><br \/>\n\t\t\t\tFinns det n\u00e5got max- eller minimumbelopp p\u00e5 utbetalningarna?<br \/>\n\t\t\t\t<\/button><br \/>\n\t\t\t  <\/h5>\n<\/p><\/div>\n<div id=\"collapseThree\" class=\"collapse\" aria-labelledby=\"headingThree\" data-parent=\"#accordion\">\n<div class=\"card-body\">\n\t\t\t\tNej. Vi s\u00e4tter inga gr\u00e4nser. Det finns inget minimumbelopp och det finns heller inget tak p\u00e5 hur mycket du kan tj\u00e4na som Templ affiliate.\n\t\t\t  <\/div>\n<\/p><\/div>\n<\/p><\/div>\n<div class=\"card\">\n<div class=\"card-header\" id=\"headingFour\">\n<h5 class=\"mb-0\">\n\t\t\t\t<button class=\"btn btn-link collapsed\" data-toggle=\"collapse\" data-target=\"#collapseFour\" aria-expanded=\"false\" aria-controls=\"collapseThree\"><br \/>\n\t\t\t\t  Var f\u00e5r jag marknadsf\u00f6ra Templ?<br \/>\n\t\t\t\t<\/button><br \/>\n\t\t\t  <\/h5>\n<\/p><\/div>\n<div id=\"collapseFour\" class=\"collapse\" aria-labelledby=\"headingFour\" data-parent=\"#accordion\">\n<div class=\"card-body\">\n\t\t\t\tDu f\u00e5r marknadsf\u00f6ra oss med de medel du \u00e4r bekv\u00e4m med, oavsett om det \u00e4r YouTube, Facebook, andra sociala medier, din egen webbplats eller genom att knacka d\u00f6rr. ?\n\t\t\t  <\/div>\n<\/p><\/div>\n<\/p><\/div>\n<div class=\"card\">\n<div class=\"card-header\" id=\"headingFive\">\n<h5 class=\"mb-0\">\n\t\t\t\t<button class=\"btn btn-link collapsed\" data-toggle=\"collapse\" data-target=\"#collapseFive\" aria-expanded=\"false\" aria-controls=\"collapseFive\"><br \/>\n\t\t\t\tHur kan jag h\u00e5lla reda p\u00e5 mitt int\u00e4kter?<br \/>\n\t\t\t\t<\/button><br \/>\n\t\t\t  <\/h5>\n<\/p><\/div>\n<div id=\"collapseFive\" class=\"collapse\" aria-labelledby=\"headingFive\" data-parent=\"#accordion\">\n<div class=\"card-body\">\n\t\t\t\tSom affiliate loggar du in p\u00e5 ditt affilliatekonto och ser alla dina kundh\u00e4nvisningar p\u00e5 sidan \u201cReferrals\u201d.\n\t\t\t  <\/div>\n<\/p><\/div>\n<\/p><\/div>\n<div class=\"card\">\n<div class=\"card-header\" id=\"headingSix\">\n<h5 class=\"mb-0\">\n\t\t\t\t<button class=\"btn btn-link collapsed\" data-toggle=\"collapse\" data-target=\"#collapseSix\" aria-expanded=\"false\" aria-controls=\"collapseSix\"><br \/>\n\t\t\t\tHur sp\u00e5rar ni f\u00f6rs\u00e4ljningen?<br \/>\n\t\t\t\t<\/button><br \/>\n\t\t\t  <\/h5>\n<\/p><\/div>\n<div id=\"collapseSix\" class=\"collapse\" aria-labelledby=\"headingSix\" data-parent=\"#accordion\">\n<div class=\"card-body\">\n\t\t\t\tKundh\u00e4nvisningarna sker via den affiliatel\u00e4nk som ni f\u00e5r i affiliate-panelen. Vi anv\u00e4nder cookies f\u00f6r att sp\u00e5ra alla kundh\u00e4nvisningar. Vi \u00e4r medvetna om att bes\u00f6kare ofta inte blir medlemmer och betalar direkt, d\u00e4rf\u00f6r har vi satt en tidsgr\u00e4ns p\u00e5 gener\u00f6sa 60 dagar f\u00f6r denna cookie.\n\t\t\t  <\/div>\n<\/p><\/div>\n<\/p><\/div>\n<div class=\"card\">\n<div class=\"card-header\" id=\"headingSeven\">\n<h5 class=\"mb-0\">\n\t\t\t\t<button class=\"btn btn-link collapsed\" data-toggle=\"collapse\" data-target=\"#collapseSeven\" aria-expanded=\"false\" aria-controls=\"collapseSeven\"><br \/>\n\t\t\t\tFinns det n\u00e5gra villkor f\u00f6r registreringsbonusen?<br \/>\n\t\t\t\t<\/button><br \/>\n\t\t\t  <\/h5>\n<\/p><\/div>\n<div id=\"collapseSeven\" class=\"collapse\" aria-labelledby=\"headingSeven\" data-parent=\"#accordion\">\n<div class=\"card-body\">\n\t\t\t\tJa. Registreringsbonusen betalas i 5 omg\u00e5ngar \u00e1 200 kr, och b\u00f6rjas betalas ut i samband med att kunden g\u00f6r sin f\u00f6rsta betalning till Templ. D\u00e4refter sker utbetalningen till dig som affiliate en g\u00e5ng per m\u00e5nad, i samband med den \u00f6vriga utbetalningen. Skulle kunden avbryta sitt konto kommer \u00e4ven utbetalningen av bonusen att avbrytas. Vid fr\u00e5gor v\u00e4nligen maila support@templ.io.\n\t\t\t  <\/div>\n<\/p><\/div>\n<\/p><\/div>\n<div class=\"card\">\n<div class=\"card-header\" id=\"headingEight\">\n<h5 class=\"mb-0\">\n\t\t\t\t<button class=\"btn btn-link collapsed\" data-toggle=\"collapse\" data-target=\"#collapseEight\" aria-expanded=\"false\" aria-controls=\"collapseEight\"><br \/>\n\t\t\t\tHar du fler fr\u00e5gor eller funderingar?<br \/>\n\t\t\t\t<\/button><br \/>\n\t\t\t  <\/h5>\n<\/p><\/div>\n<div id=\"collapseEight\" class=\"collapse\" aria-labelledby=\"headingEight\" data-parent=\"#accordion\">\n<div class=\"card-body\">\n\t\t\t\tV\u00e5r trevliga och hj\u00e4lpsamma support finns alltid redo att svara p\u00e5 eventuella fr\u00e5gor eller funderingar. Klicka p\u00e5 chattikonen l\u00e4ngst ner till h\u00f6ger p\u00e5 denna sida f\u00f6r att ta kontakt med oss.\n\t\t\t  <\/div>\n<\/p><\/div>\n<\/p><\/div>\n<\/p><\/div>\n<\/p><\/div>\n<\/p><\/div>\n<\/p><\/div>\n<\/section>\n<section class=\"section cta-big\">\n<div class=\"container\">\n<div class=\"row d-flex align-items-center text-center\">\n<div class=\"col-12\">\n<h3>Redo att komma ig\u00e5ng?<\/h3>\n<p>        <a href=\"https:\/\/ballerina.templ.io\/affiliate-area\/\" class=\"btn btn-primary\" role=\"button\">Bli affiliate nu!<\/a>\n      <\/div>\n<\/p><\/div>\n<\/p><\/div>\n<\/section>\n","protected":false},"excerpt":{"rendered":"<p>Bli en Templ affiliate idag och tj\u00e4na obegr\u00e4nsat med provision. Samarbeta med oss och arbeta upp livsl\u00e5ng \u00e5terkommande provision, med gener\u00f6sa bonusar f\u00f6r varje kund du refererrar. En verklig m\u00f6jlighet till en substansiell passiv inkomst. Kom ig\u00e5ng Vad du f\u00e5r som affiliate. Kunder stanna hos Templ. Det betyder att du bygger upp och \u00f6kar din [&hellip;]<\/p>\n","protected":false},"author":1,"featured_media":0,"parent":0,"menu_order":0,"comment_status":"closed","ping_status":"closed","template":"page-templates\/empty.php","meta":[],"yoast_head":"<!-- This site is optimized with the Yoast SEO plugin v16.5 - https:\/\/yoast.com\/wordpress\/plugins\/seo\/ -->\n<title>Bli en Templ.io Affiliate och tj\u00e4na obegr\u00e4nsat med provision | Templ<\/title>\n<meta name=\"description\" content=\"Bli en Templ.io Affiliate och tj\u00e4na obegr\u00e4nsat med provision. Du f\u00e5r en registreringsbonus p\u00e5 1000 SEK f\u00f6r varje kund som du h\u00e4nvisar till oss.\" \/>\n<meta name=\"robots\" content=\"noindex, follow, max-snippet:-1, max-image-preview:large, max-video-preview:-1\" \/>\n<meta property=\"og:locale\" content=\"sv_SE\" \/>\n<meta property=\"og:type\" content=\"article\" \/>\n<meta property=\"og:title\" content=\"Bli en Templ.io Affiliate och tj\u00e4na obegr\u00e4nsat med provision | Templ\" \/>\n<meta property=\"og:description\" content=\"Bli en Templ.io Affiliate och tj\u00e4na obegr\u00e4nsat med provision. Du f\u00e5r en registreringsbonus p\u00e5 1000 SEK f\u00f6r varje kund som du h\u00e4nvisar till oss.\" \/>\n<meta property=\"og:url\" content=\"https:\/\/ballerina.templ.io\/sv\/bli-affiliate\/\" \/>\n<meta property=\"og:site_name\" content=\"Templ\" \/>\n<meta property=\"article:publisher\" content=\"https:\/\/www.facebook.com\/templhosting\/\" \/>\n<meta property=\"article:modified_time\" content=\"2020-05-15T11:24:35+00:00\" \/>\n<meta property=\"og:image\" content=\"https:\/\/ballerina.templ.io\/app\/uploads\/2017\/12\/og-wootemple-2.jpg\" \/>\n\t<meta property=\"og:image:width\" content=\"1920\" \/>\n\t<meta property=\"og:image:height\" content=\"1080\" \/>\n<meta name=\"twitter:card\" content=\"summary_large_image\" \/>\n<meta name=\"twitter:site\" content=\"@templ_io\" \/>\n<meta name=\"twitter:label1\" content=\"Ber\u00e4knad l\u00e4stid\" \/>\n\t<meta name=\"twitter:data1\" content=\"1 minut\" \/>\n<script type=\"application\/ld+json\" class=\"yoast-schema-graph\">{\"@context\":\"https:\/\/schema.org\",\"@graph\":[{\"@type\":\"Organization\",\"@id\":\"https:\/\/ballerina.templ.io\/#organization\",\"name\":\"Templ.io AB\",\"url\":\"https:\/\/ballerina.templ.io\/\",\"sameAs\":[\"https:\/\/www.facebook.com\/templhosting\/\",\"https:\/\/www.instagram.com\/templ.io\/\",\"https:\/\/www.linkedin.com\/company\/wootemple\/\",\"https:\/\/www.youtube.com\/channel\/UC0bdV8I5teQzS2GhqCECx_Q\",\"https:\/\/twitter.com\/templ_io\"],\"logo\":{\"@type\":\"ImageObject\",\"@id\":\"https:\/\/ballerina.templ.io\/#logo\",\"inLanguage\":\"sv-SE\",\"url\":\"https:\/\/ballerina.templ.io\/app\/uploads\/2018\/07\/templio-logo-large.png\",\"contentUrl\":\"https:\/\/ballerina.templ.io\/app\/uploads\/2018\/07\/templio-logo-large.png\",\"width\":1310,\"height\":308,\"caption\":\"Templ.io AB\"},\"image\":{\"@id\":\"https:\/\/ballerina.templ.io\/#logo\"}},{\"@type\":\"WebSite\",\"@id\":\"https:\/\/ballerina.templ.io\/#website\",\"url\":\"https:\/\/ballerina.templ.io\/\",\"name\":\"Templ\",\"description\":\"Managed Google Cloud WordPress hosting made simple\",\"publisher\":{\"@id\":\"https:\/\/ballerina.templ.io\/#organization\"},\"potentialAction\":[{\"@type\":\"SearchAction\",\"target\":\"https:\/\/ballerina.templ.io\/?s={search_term_string}\",\"query-input\":\"required name=search_term_string\"}],\"inLanguage\":\"sv-SE\"},{\"@type\":\"WebPage\",\"@id\":\"https:\/\/ballerina.templ.io\/sv\/bli-affiliate\/#webpage\",\"url\":\"https:\/\/ballerina.templ.io\/sv\/bli-affiliate\/\",\"name\":\"Bli en Templ.io Affiliate och tj\\u00e4na obegr\\u00e4nsat med provision | Templ\",\"isPartOf\":{\"@id\":\"https:\/\/ballerina.templ.io\/#website\"},\"datePublished\":\"2019-01-10T05:46:34+00:00\",\"dateModified\":\"2020-05-15T11:24:35+00:00\",\"description\":\"Bli en Templ.io Affiliate och tj\\u00e4na obegr\\u00e4nsat med provision. Du f\\u00e5r en registreringsbonus p\\u00e5 1000 SEK f\\u00f6r varje kund som du h\\u00e4nvisar till oss.\",\"breadcrumb\":{\"@id\":\"https:\/\/ballerina.templ.io\/sv\/bli-affiliate\/#breadcrumb\"},\"inLanguage\":\"sv-SE\",\"potentialAction\":[{\"@type\":\"ReadAction\",\"target\":[\"https:\/\/ballerina.templ.io\/sv\/bli-affiliate\/\"]}]},{\"@type\":\"BreadcrumbList\",\"@id\":\"https:\/\/ballerina.templ.io\/sv\/bli-affiliate\/#breadcrumb\",\"itemListElement\":[{\"@type\":\"ListItem\",\"position\":1,\"name\":\"Home\",\"item\":\"https:\/\/ballerina.templ.io\/sv\/home-page\/\"},{\"@type\":\"ListItem\",\"position\":2,\"name\":\"Bli Affiliate\"}]}]}<\/script>\n<!-- \/ Yoast SEO plugin. -->","_links":{"self":[{"href":"https:\/\/ballerina.templ.io\/sv\/wp-json\/wp\/v2\/pages\/5871"}],"collection":[{"href":"https:\/\/ballerina.templ.io\/sv\/wp-json\/wp\/v2\/pages"}],"about":[{"href":"https:\/\/ballerina.templ.io\/sv\/wp-json\/wp\/v2\/types\/page"}],"author":[{"embeddable":true,"href":"https:\/\/ballerina.templ.io\/sv\/wp-json\/wp\/v2\/users\/1"}],"replies":[{"embeddable":true,"href":"https:\/\/ballerina.templ.io\/sv\/wp-json\/wp\/v2\/comments?post=5871"}],"version-history":[{"count":1,"href":"https:\/\/ballerina.templ.io\/sv\/wp-json\/wp\/v2\/pages\/5871\/revisions"}],"predecessor-version":[{"id":14197,"href":"https:\/\/ballerina.templ.io\/sv\/wp-json\/wp\/v2\/pages\/5871\/revisions\/14197"}],"wp:attachment":[{"href":"https:\/\/ballerina.templ.io\/sv\/wp-json\/wp\/v2\/media?parent=5871"}],"curies":[{"name":"wp","href":"https:\/\/api.w.org\/{rel}","templated":true}]}}